{"id":271,"date":"2015-11-26T22:26:20","date_gmt":"2015-11-26T22:26:20","guid":{"rendered":"http:\/\/domingoaleman.es\/?post_type=product&#038;p=271"},"modified":"2018-08-27T08:51:27","modified_gmt":"2018-08-27T08:51:27","slug":"juego-los-clavos","status":"publish","type":"product","link":"https:\/\/domingoaleman.es\/?product=juego-los-clavos","title":{"rendered":"Juego de los clavos"},"content":{"rendered":"<p>Este es un juego muy antiguo, realizado con dos clavos que convenientemente torcidos, se convierten en un interesante juego, el cual consiste en separar uno del otro, hay varias formas de separarlos, seg\u00fan se sujeten por un extremo o por el otro, alternando cabeza y punta o ambas puntas o cabezas, lo mejor es jugar con ellos para entender lo divertido que puede ser. cuando me encuentres en alguna feria recuerda que de momento jugar es gratis, Pru\u00e9balo.<\/p>\n<p>&nbsp;<\/p>\n<h3>Im\u00e1genes Relacionadas:<\/h3>","protected":false},"excerpt":{"rendered":"<p>Este es un juego muy antiguo, con dos clavos convenientemente torcidos, los cuales hay que separar sin ning\u00fan esfuerzo, incre\u00edblemente ni\u00f1os con tres a\u00f1os lo hacen, mientras que los mayores a pesar de verlo hacer no lo consiguen con facilidad. <a class=\"read-excerpt\" href=\"https:\/\/domingoaleman.es\/?product=juego-los-clavos\">Continue reading <span class=\"meta-nav\">&raquo;<\/span><\/a><\/p>\n","protected":false},"featured_media":275,"comment_status":"open","ping_status":"closed","template":"","meta":{"ngg_post_thumbnail":0},"product_brand":[],"product_cat":[49],"product_tag":[27],"class_list":{"0":"post-271","1":"product","2":"type-product","3":"status-publish","4":"has-post-thumbnail","6":"product_cat-sin-categoria","7":"product_tag-j-1","9":"first","10":"instock","11":"shipping-taxable","12":"purchasable","13":"product-type-simple"},"yoast_head":"<!-- This site is optimized with the Yoast SEO plugin v27.2 - https:\/\/yoast.com\/product\/yoast-seo-wordpress\/ -->\n<title>Juego de los clavos - ARTESANO EN HIERRO<\/title>\n<meta name=\"robots\" content=\"index, follow, max-snippet:-1, max-image-preview:large, max-video-preview:-1\" \/>\n<link rel=\"canonical\" href=\"https:\/\/domingoaleman.es\/?product=juego-los-clavos\" \/>\n<meta property=\"og:locale\" content=\"es_ES\" \/>\n<meta property=\"og:type\" content=\"article\" \/>\n<meta property=\"og:title\" content=\"Juego de los clavos - ARTESANO EN HIERRO\" \/>\n<meta property=\"og:description\" content=\"Este es un juego muy antiguo, con dos clavos convenientemente torcidos, los cuales hay que separar sin ning\u00fan esfuerzo, incre\u00edblemente ni\u00f1os con tres a\u00f1os lo hacen, mientras que los mayores a pesar de verlo hacer no lo consiguen con facilidad. Continue reading &raquo;\" \/>\n<meta property=\"og:url\" content=\"https:\/\/domingoaleman.es\/?product=juego-los-clavos\" \/>\n<meta property=\"og:site_name\" content=\"ARTESANO EN HIERRO\" \/>\n<meta property=\"article:modified_time\" content=\"2018-08-27T08:51:27+00:00\" \/>\n<meta property=\"og:image\" content=\"https:\/\/domingoaleman.es\/wp-content\/uploads\/2015\/11\/Juegos-de-clavos.jpg\" \/>\n\t<meta property=\"og:image:width\" content=\"1200\" \/>\n\t<meta property=\"og:image:height\" content=\"900\" \/>\n\t<meta property=\"og:image:type\" content=\"image\/jpeg\" \/>\n<meta name=\"twitter:card\" content=\"summary_large_image\" \/>\n<script type=\"application\/ld+json\" class=\"yoast-schema-graph\">{\"@context\":\"https:\/\/schema.org\",\"@graph\":[{\"@type\":\"WebPage\",\"@id\":\"https:\/\/domingoaleman.es\/?product=juego-los-clavos\",\"url\":\"https:\/\/domingoaleman.es\/?product=juego-los-clavos\",\"name\":\"Juego de los clavos - ARTESANO EN HIERRO\",\"isPartOf\":{\"@id\":\"https:\/\/domingoaleman.es\/#website\"},\"primaryImageOfPage\":{\"@id\":\"https:\/\/domingoaleman.es\/?product=juego-los-clavos#primaryimage\"},\"image\":{\"@id\":\"https:\/\/domingoaleman.es\/?product=juego-los-clavos#primaryimage\"},\"thumbnailUrl\":\"https:\/\/domingoaleman.es\/wp-content\/uploads\/2015\/11\/Juegos-de-clavos.jpg\",\"datePublished\":\"2015-11-26T22:26:20+00:00\",\"dateModified\":\"2018-08-27T08:51:27+00:00\",\"breadcrumb\":{\"@id\":\"https:\/\/domingoaleman.es\/?product=juego-los-clavos#breadcrumb\"},\"inLanguage\":\"es\",\"potentialAction\":[{\"@type\":\"ReadAction\",\"target\":[\"https:\/\/domingoaleman.es\/?product=juego-los-clavos\"]}]},{\"@type\":\"ImageObject\",\"inLanguage\":\"es\",\"@id\":\"https:\/\/domingoaleman.es\/?product=juego-los-clavos#primaryimage\",\"url\":\"https:\/\/domingoaleman.es\/wp-content\/uploads\/2015\/11\/Juegos-de-clavos.jpg\",\"contentUrl\":\"https:\/\/domingoaleman.es\/wp-content\/uploads\/2015\/11\/Juegos-de-clavos.jpg\",\"width\":1200,\"height\":900,\"caption\":\"Este es un juego muy antiguo, realizado con dos clavos convenientemente torcidos\"},{\"@type\":\"BreadcrumbList\",\"@id\":\"https:\/\/domingoaleman.es\/?product=juego-los-clavos#breadcrumb\",\"itemListElement\":[{\"@type\":\"ListItem\",\"position\":1,\"name\":\"Portada\",\"item\":\"https:\/\/domingoaleman.es\/\"},{\"@type\":\"ListItem\",\"position\":2,\"name\":\"Juego de los clavos\"}]},{\"@type\":\"WebSite\",\"@id\":\"https:\/\/domingoaleman.es\/#website\",\"url\":\"https:\/\/domingoaleman.es\/\",\"name\":\"ARTESANO EN HIERRO\",\"description\":\"Forjador y artesano en hierro\",\"potentialAction\":[{\"@type\":\"SearchAction\",\"target\":{\"@type\":\"EntryPoint\",\"urlTemplate\":\"https:\/\/domingoaleman.es\/?s={search_term_string}\"},\"query-input\":{\"@type\":\"PropertyValueSpecification\",\"valueRequired\":true,\"valueName\":\"search_term_string\"}}],\"inLanguage\":\"es\"}]}<\/script>\n<!-- \/ Yoast SEO plugin. -->","yoast_head_json":{"title":"Juego de los clavos - ARTESANO EN HIERRO","robots":{"index":"index","follow":"follow","max-snippet":"max-snippet:-1","max-image-preview":"max-image-preview:large","max-video-preview":"max-video-preview:-1"},"canonical":"https:\/\/domingoaleman.es\/?product=juego-los-clavos","og_locale":"es_ES","og_type":"article","og_title":"Juego de los clavos - ARTESANO EN HIERRO","og_description":"Este es un juego muy antiguo, con dos clavos convenientemente torcidos, los cuales hay que separar sin ning\u00fan esfuerzo, incre\u00edblemente ni\u00f1os con tres a\u00f1os lo hacen, mientras que los mayores a pesar de verlo hacer no lo consiguen con facilidad. Continue reading &raquo;","og_url":"https:\/\/domingoaleman.es\/?product=juego-los-clavos","og_site_name":"ARTESANO EN HIERRO","article_modified_time":"2018-08-27T08:51:27+00:00","og_image":[{"width":1200,"height":900,"url":"https:\/\/domingoaleman.es\/wp-content\/uploads\/2015\/11\/Juegos-de-clavos.jpg","type":"image\/jpeg"}],"twitter_card":"summary_large_image","schema":{"@context":"https:\/\/schema.org","@graph":[{"@type":"WebPage","@id":"https:\/\/domingoaleman.es\/?product=juego-los-clavos","url":"https:\/\/domingoaleman.es\/?product=juego-los-clavos","name":"Juego de los clavos - ARTESANO EN HIERRO","isPartOf":{"@id":"https:\/\/domingoaleman.es\/#website"},"primaryImageOfPage":{"@id":"https:\/\/domingoaleman.es\/?product=juego-los-clavos#primaryimage"},"image":{"@id":"https:\/\/domingoaleman.es\/?product=juego-los-clavos#primaryimage"},"thumbnailUrl":"https:\/\/domingoaleman.es\/wp-content\/uploads\/2015\/11\/Juegos-de-clavos.jpg","datePublished":"2015-11-26T22:26:20+00:00","dateModified":"2018-08-27T08:51:27+00:00","breadcrumb":{"@id":"https:\/\/domingoaleman.es\/?product=juego-los-clavos#breadcrumb"},"inLanguage":"es","potentialAction":[{"@type":"ReadAction","target":["https:\/\/domingoaleman.es\/?product=juego-los-clavos"]}]},{"@type":"ImageObject","inLanguage":"es","@id":"https:\/\/domingoaleman.es\/?product=juego-los-clavos#primaryimage","url":"https:\/\/domingoaleman.es\/wp-content\/uploads\/2015\/11\/Juegos-de-clavos.jpg","contentUrl":"https:\/\/domingoaleman.es\/wp-content\/uploads\/2015\/11\/Juegos-de-clavos.jpg","width":1200,"height":900,"caption":"Este es un juego muy antiguo, realizado con dos clavos convenientemente torcidos"},{"@type":"BreadcrumbList","@id":"https:\/\/domingoaleman.es\/?product=juego-los-clavos#breadcrumb","itemListElement":[{"@type":"ListItem","position":1,"name":"Portada","item":"https:\/\/domingoaleman.es\/"},{"@type":"ListItem","position":2,"name":"Juego de los clavos"}]},{"@type":"WebSite","@id":"https:\/\/domingoaleman.es\/#website","url":"https:\/\/domingoaleman.es\/","name":"ARTESANO EN HIERRO","description":"Forjador y artesano en hierro","potentialAction":[{"@type":"SearchAction","target":{"@type":"EntryPoint","urlTemplate":"https:\/\/domingoaleman.es\/?s={search_term_string}"},"query-input":{"@type":"PropertyValueSpecification","valueRequired":true,"valueName":"search_term_string"}}],"inLanguage":"es"}]}},"_links":{"self":[{"href":"https:\/\/domingoaleman.es\/index.php?rest_route=\/wp\/v2\/product\/271","targetHints":{"allow":["GET"]}}],"collection":[{"href":"https:\/\/domingoaleman.es\/index.php?rest_route=\/wp\/v2\/product"}],"about":[{"href":"https:\/\/domingoaleman.es\/index.php?rest_route=\/wp\/v2\/types\/product"}],"replies":[{"embeddable":true,"href":"https:\/\/domingoaleman.es\/index.php?rest_route=%2Fwp%2Fv2%2Fcomments&post=271"}],"wp:featuredmedia":[{"embeddable":true,"href":"https:\/\/domingoaleman.es\/index.php?rest_route=\/wp\/v2\/media\/275"}],"wp:attachment":[{"href":"https:\/\/domingoaleman.es\/index.php?rest_route=%2Fwp%2Fv2%2Fmedia&parent=271"}],"wp:term":[{"taxonomy":"product_brand","embeddable":true,"href":"https:\/\/domingoaleman.es\/index.php?rest_route=%2Fwp%2Fv2%2Fproduct_brand&post=271"},{"taxonomy":"product_cat","embeddable":true,"href":"https:\/\/domingoaleman.es\/index.php?rest_route=%2Fwp%2Fv2%2Fproduct_cat&post=271"},{"taxonomy":"product_tag","embeddable":true,"href":"https:\/\/domingoaleman.es\/index.php?rest_route=%2Fwp%2Fv2%2Fproduct_tag&post=271"}],"curies":[{"name":"wp","href":"https:\/\/api.w.org\/{rel}","templated":true}]}}