{"id":2,"date":"2012-05-22T21:05:52","date_gmt":"2012-05-22T21:05:52","guid":{"rendered":"http:\/\/domingoaleman.es\/?page_id=2"},"modified":"2015-11-17T13:02:01","modified_gmt":"2015-11-17T13:02:01","slug":"pagina-ejemplo","status":"publish","type":"page","link":"https:\/\/domingoaleman.es\/?page_id=2","title":{"rendered":"\u00bfQui\u00e9n soy?"},"content":{"rendered":"<p><a title=\"Este soy yo\" href=\"http:\/\/domingoaleman.es\/wp-content\/uploads\/2012\/05\/portada.jpg\" target=\"_blank\"><img loading=\"lazy\" decoding=\"async\" class=\"alignleft size-medium wp-image-9\" style=\"border: 2px solid black;\" title=\"Este soy yo\" src=\"http:\/\/domingoaleman.es\/wp-content\/uploads\/2012\/05\/portada-200x300.jpg\" alt=\"\" width=\"200\" height=\"300\" srcset=\"https:\/\/domingoaleman.es\/wp-content\/uploads\/2012\/05\/portada-200x300.jpg 200w, https:\/\/domingoaleman.es\/wp-content\/uploads\/2012\/05\/portada-600x900.jpg 600w, https:\/\/domingoaleman.es\/wp-content\/uploads\/2012\/05\/portada-166x250.jpg 166w, https:\/\/domingoaleman.es\/wp-content\/uploads\/2012\/05\/portada.jpg 640w\" sizes=\"auto, (max-width: 200px) 100vw, 200px\" \/><\/a>Este soy yo, Domingo Alem\u00e1n P\u00e9rez, aqu\u00ed me ves trabajando en lo que m\u00e1s me gusta, la forja.<\/p>\n<p>Desde finales del 2001, me dedico a artesan\u00eda en hierro y a los trabajos en forja.<\/p>\n<p>He participado en numerosas\u00a0 ferias a lo largo y ancho del archipi\u00e9lago con una aceptaci\u00f3n notable por parte del p\u00fablico asistente.<\/p>\n<p>Normalmente me podr\u00e1s encontrar trabajando en mi taller, en Teror,\u00a0 y si deseas verme \u00abmetido en harina\u00bb s\u00f3lo tienes que acercarte. Mi casa es tu casa.<\/p>\n<p>Mi forma de trabajar, es muy personalizada e individual, as\u00ed que si tienes un trabajo en mente, solo tienes que <a title=\"Contacto\" href=\"http:\/\/domingoaleman.es\/?page_id=40\">ense\u00f1arme un boceto<\/a> en papel de tu idea y seguro que llegamos a un acuerdo para poder realizarlo. Te har\u00e9 un presupuesto sin compromiso alguno.<\/p>\n<p>&nbsp;<\/p>\n<p>&nbsp;<\/p>\n<h3>Im\u00e1genes Relacionadas:<\/h3>","protected":false},"excerpt":{"rendered":"<p>Este soy yo, Domingo Alem\u00e1n P\u00e9rez, aqu\u00ed me ves trabajando en lo que m\u00e1s me gusta, la forja. Desde finales del 2001, me dedico a artesan\u00eda en hierro y a los trabajos en forja. He participado en numerosas\u00a0 ferias a lo largo y ancho del archipi\u00e9lago con una aceptaci\u00f3n notable por parte del p\u00fablico asistente. &hellip; <a class=\"read-excerpt\" href=\"https:\/\/domingoaleman.es\/?page_id=2\">Continue reading <span class=\"meta-nav\">&raquo;<\/span><\/a><\/p>\n","protected":false},"author":1,"featured_media":0,"parent":0,"menu_order":0,"comment_status":"closed","ping_status":"closed","template":"","meta":{"ngg_post_thumbnail":0,"footnotes":""},"class_list":["post-2","page","type-page","status-publish","hentry"],"yoast_head":"<!-- This site is optimized with the Yoast SEO plugin v27.2 - https:\/\/yoast.com\/product\/yoast-seo-wordpress\/ -->\n<title>\u00bfQui\u00e9n soy? - ARTESANO EN HIERRO<\/title>\n<meta name=\"robots\" content=\"index, follow, max-snippet:-1, max-image-preview:large, max-video-preview:-1\" \/>\n<link rel=\"canonical\" href=\"https:\/\/domingoaleman.es\/?page_id=2\" \/>\n<meta property=\"og:locale\" content=\"es_ES\" \/>\n<meta property=\"og:type\" content=\"article\" \/>\n<meta property=\"og:title\" content=\"\u00bfQui\u00e9n soy? - ARTESANO EN HIERRO\" \/>\n<meta property=\"og:description\" content=\"Este soy yo, Domingo Alem\u00e1n P\u00e9rez, aqu\u00ed me ves trabajando en lo que m\u00e1s me gusta, la forja. Desde finales del 2001, me dedico a artesan\u00eda en hierro y a los trabajos en forja. He participado en numerosas\u00a0 ferias a lo largo y ancho del archipi\u00e9lago con una aceptaci\u00f3n notable por parte del p\u00fablico asistente. &hellip; Continue reading &raquo;\" \/>\n<meta property=\"og:url\" content=\"https:\/\/domingoaleman.es\/?page_id=2\" \/>\n<meta property=\"og:site_name\" content=\"ARTESANO EN HIERRO\" \/>\n<meta property=\"article:modified_time\" content=\"2015-11-17T13:02:01+00:00\" \/>\n<meta property=\"og:image\" content=\"https:\/\/domingoaleman.es\/wp-content\/uploads\/2012\/05\/portada.jpg\" \/>\n\t<meta property=\"og:image:width\" content=\"640\" \/>\n\t<meta property=\"og:image:height\" content=\"960\" \/>\n\t<meta property=\"og:image:type\" content=\"image\/jpeg\" \/>\n<meta name=\"twitter:card\" content=\"summary_large_image\" \/>\n<meta name=\"twitter:label1\" content=\"Tiempo de lectura\" \/>\n\t<meta name=\"twitter:data1\" content=\"1 minuto\" \/>\n<script type=\"application\/ld+json\" class=\"yoast-schema-graph\">{\"@context\":\"https:\/\/schema.org\",\"@graph\":[{\"@type\":\"WebPage\",\"@id\":\"https:\/\/domingoaleman.es\/?page_id=2\",\"url\":\"https:\/\/domingoaleman.es\/?page_id=2\",\"name\":\"\u00bfQui\u00e9n soy? - ARTESANO EN HIERRO\",\"isPartOf\":{\"@id\":\"https:\/\/domingoaleman.es\/#website\"},\"primaryImageOfPage\":{\"@id\":\"https:\/\/domingoaleman.es\/?page_id=2#primaryimage\"},\"image\":{\"@id\":\"https:\/\/domingoaleman.es\/?page_id=2#primaryimage\"},\"thumbnailUrl\":\"http:\/\/domingoaleman.es\/wp-content\/uploads\/2012\/05\/portada-200x300.jpg\",\"datePublished\":\"2012-05-22T21:05:52+00:00\",\"dateModified\":\"2015-11-17T13:02:01+00:00\",\"breadcrumb\":{\"@id\":\"https:\/\/domingoaleman.es\/?page_id=2#breadcrumb\"},\"inLanguage\":\"es\",\"potentialAction\":[{\"@type\":\"ReadAction\",\"target\":[\"https:\/\/domingoaleman.es\/?page_id=2\"]}]},{\"@type\":\"ImageObject\",\"inLanguage\":\"es\",\"@id\":\"https:\/\/domingoaleman.es\/?page_id=2#primaryimage\",\"url\":\"http:\/\/domingoaleman.es\/wp-content\/uploads\/2012\/05\/portada-200x300.jpg\",\"contentUrl\":\"http:\/\/domingoaleman.es\/wp-content\/uploads\/2012\/05\/portada-200x300.jpg\"},{\"@type\":\"BreadcrumbList\",\"@id\":\"https:\/\/domingoaleman.es\/?page_id=2#breadcrumb\",\"itemListElement\":[{\"@type\":\"ListItem\",\"position\":1,\"name\":\"Portada\",\"item\":\"https:\/\/domingoaleman.es\/\"},{\"@type\":\"ListItem\",\"position\":2,\"name\":\"\u00bfQui\u00e9n soy?\"}]},{\"@type\":\"WebSite\",\"@id\":\"https:\/\/domingoaleman.es\/#website\",\"url\":\"https:\/\/domingoaleman.es\/\",\"name\":\"ARTESANO EN HIERRO\",\"description\":\"Forjador y artesano en hierro\",\"potentialAction\":[{\"@type\":\"SearchAction\",\"target\":{\"@type\":\"EntryPoint\",\"urlTemplate\":\"https:\/\/domingoaleman.es\/?s={search_term_string}\"},\"query-input\":{\"@type\":\"PropertyValueSpecification\",\"valueRequired\":true,\"valueName\":\"search_term_string\"}}],\"inLanguage\":\"es\"}]}<\/script>\n<!-- \/ Yoast SEO plugin. -->","yoast_head_json":{"title":"\u00bfQui\u00e9n soy? - ARTESANO EN HIERRO","robots":{"index":"index","follow":"follow","max-snippet":"max-snippet:-1","max-image-preview":"max-image-preview:large","max-video-preview":"max-video-preview:-1"},"canonical":"https:\/\/domingoaleman.es\/?page_id=2","og_locale":"es_ES","og_type":"article","og_title":"\u00bfQui\u00e9n soy? - ARTESANO EN HIERRO","og_description":"Este soy yo, Domingo Alem\u00e1n P\u00e9rez, aqu\u00ed me ves trabajando en lo que m\u00e1s me gusta, la forja. Desde finales del 2001, me dedico a artesan\u00eda en hierro y a los trabajos en forja. He participado en numerosas\u00a0 ferias a lo largo y ancho del archipi\u00e9lago con una aceptaci\u00f3n notable por parte del p\u00fablico asistente. &hellip; Continue reading &raquo;","og_url":"https:\/\/domingoaleman.es\/?page_id=2","og_site_name":"ARTESANO EN HIERRO","article_modified_time":"2015-11-17T13:02:01+00:00","og_image":[{"width":640,"height":960,"url":"https:\/\/domingoaleman.es\/wp-content\/uploads\/2012\/05\/portada.jpg","type":"image\/jpeg"}],"twitter_card":"summary_large_image","twitter_misc":{"Tiempo de lectura":"1 minuto"},"schema":{"@context":"https:\/\/schema.org","@graph":[{"@type":"WebPage","@id":"https:\/\/domingoaleman.es\/?page_id=2","url":"https:\/\/domingoaleman.es\/?page_id=2","name":"\u00bfQui\u00e9n soy? - ARTESANO EN HIERRO","isPartOf":{"@id":"https:\/\/domingoaleman.es\/#website"},"primaryImageOfPage":{"@id":"https:\/\/domingoaleman.es\/?page_id=2#primaryimage"},"image":{"@id":"https:\/\/domingoaleman.es\/?page_id=2#primaryimage"},"thumbnailUrl":"http:\/\/domingoaleman.es\/wp-content\/uploads\/2012\/05\/portada-200x300.jpg","datePublished":"2012-05-22T21:05:52+00:00","dateModified":"2015-11-17T13:02:01+00:00","breadcrumb":{"@id":"https:\/\/domingoaleman.es\/?page_id=2#breadcrumb"},"inLanguage":"es","potentialAction":[{"@type":"ReadAction","target":["https:\/\/domingoaleman.es\/?page_id=2"]}]},{"@type":"ImageObject","inLanguage":"es","@id":"https:\/\/domingoaleman.es\/?page_id=2#primaryimage","url":"http:\/\/domingoaleman.es\/wp-content\/uploads\/2012\/05\/portada-200x300.jpg","contentUrl":"http:\/\/domingoaleman.es\/wp-content\/uploads\/2012\/05\/portada-200x300.jpg"},{"@type":"BreadcrumbList","@id":"https:\/\/domingoaleman.es\/?page_id=2#breadcrumb","itemListElement":[{"@type":"ListItem","position":1,"name":"Portada","item":"https:\/\/domingoaleman.es\/"},{"@type":"ListItem","position":2,"name":"\u00bfQui\u00e9n soy?"}]},{"@type":"WebSite","@id":"https:\/\/domingoaleman.es\/#website","url":"https:\/\/domingoaleman.es\/","name":"ARTESANO EN HIERRO","description":"Forjador y artesano en hierro","potentialAction":[{"@type":"SearchAction","target":{"@type":"EntryPoint","urlTemplate":"https:\/\/domingoaleman.es\/?s={search_term_string}"},"query-input":{"@type":"PropertyValueSpecification","valueRequired":true,"valueName":"search_term_string"}}],"inLanguage":"es"}]}},"_links":{"self":[{"href":"https:\/\/domingoaleman.es\/index.php?rest_route=\/wp\/v2\/pages\/2","targetHints":{"allow":["GET"]}}],"collection":[{"href":"https:\/\/domingoaleman.es\/index.php?rest_route=\/wp\/v2\/pages"}],"about":[{"href":"https:\/\/domingoaleman.es\/index.php?rest_route=\/wp\/v2\/types\/page"}],"author":[{"embeddable":true,"href":"https:\/\/domingoaleman.es\/index.php?rest_route=\/wp\/v2\/users\/1"}],"replies":[{"embeddable":true,"href":"https:\/\/domingoaleman.es\/index.php?rest_route=%2Fwp%2Fv2%2Fcomments&post=2"}],"version-history":[{"count":10,"href":"https:\/\/domingoaleman.es\/index.php?rest_route=\/wp\/v2\/pages\/2\/revisions"}],"predecessor-version":[{"id":183,"href":"https:\/\/domingoaleman.es\/index.php?rest_route=\/wp\/v2\/pages\/2\/revisions\/183"}],"wp:attachment":[{"href":"https:\/\/domingoaleman.es\/index.php?rest_route=%2Fwp%2Fv2%2Fmedia&parent=2"}],"curies":[{"name":"wp","href":"https:\/\/api.w.org\/{rel}","templated":true}]}}